{"id":44190,"date":"2026-04-22T10:42:37","date_gmt":"2026-04-22T08:42:37","guid":{"rendered":"https:\/\/beckertoys.com\/producto\/masters-of-the-universe-cartoon-fangman\/"},"modified":"2026-05-15T12:00:41","modified_gmt":"2026-05-15T10:00:41","slug":"masters-of-the-universe-cartoon-fangman","status":"publish","type":"product","link":"https:\/\/beckertoys.com\/pt-pt\/mattel\/masters-of-the-universe-cartoon-fangman\/","title":{"rendered":"Masters of the Universe Cartoon Fangman"},"content":{"rendered":"<p data-start=\"0\" data-end=\"76\"><strong data-start=\"0\" data-end=\"76\">Masters of the Universe Origins Figura Cartoon Collection Fang Man 14 cm<\/strong><\/p>\n<p data-start=\"78\" data-end=\"483\">Adiciona \u00e0 tua cole\u00e7\u00e3o a <strong data-start=\"101\" data-end=\"113\">Fang Man<\/strong>, uno de los secuaces m\u00e1s peculiares de <strong data-start=\"153\" data-end=\"165\">Skeletor<\/strong> en el universo de <strong data-start=\"184\" data-end=\"226\">He-Man and the Masters of the Universe<\/strong>, con esta figura de la l\u00ednea <strong data-start=\"256\" data-end=\"278\">Cartoon Collection<\/strong> de <strong data-start=\"282\" data-end=\"317\">Masters of the Universe Origins<\/strong>. Inspirada en su aspecto en la serie de animaci\u00f3n cl\u00e1sica, esta versi\u00f3n recupera el dise\u00f1o retro del personaje con el estilo y colores que lo hicieron inconfundible.<\/p>\n<p data-start=\"485\" data-end=\"838\">Con su caracter\u00edstica apariencia reptiliana, sus llamativos tonos azul, rojo y amarillo, y su escudo incluido, Fang Man es una figura perfecta para completar el bando de villanos de Eternia. Una pieza ideal para colecionadores de <strong data-start=\"715\" data-end=\"731\">MOTU Origins<\/strong>, fans de la serie cl\u00e1sica y amantes de los personajes m\u00e1s singulares del universo Masters of the Universe.<\/p>\n<p data-start=\"840\" data-end=\"976\">Perfecta para exposici\u00f3n, para ampliar tu cole\u00e7\u00e3o de la <strong data-start=\"898\" data-end=\"920\">Cartoon Collection<\/strong> o como presente para f\u00e3s de He-Man y los brinquedos retro.<\/p>\n<p data-start=\"978\" data-end=\"998\"><strong data-start=\"978\" data-end=\"998\">Caracter\u00edsticas:<\/strong><\/p>\n<ul data-start=\"1000\" data-end=\"1272\" data-is-last-node=\"\" data-is-only-node=\"\">\n<li data-section-id=\"1lfcu17\" data-start=\"1000\" data-end=\"1017\">Marca: Mattel<\/li>\n<li data-section-id=\"1w38nvm\" data-start=\"1018\" data-end=\"1083\">Cole\u00e7\u00e3o: Masters of the Universe Origins Cartoon Collection<\/li>\n<li data-section-id=\"ki5gw5\" data-start=\"1084\" data-end=\"1107\">Personagem: Fang Man<\/li>\n<li data-section-id=\"1kxdpwe\" data-start=\"1108\" data-end=\"1160\">Licen\u00e7a: He-Man and the Masters of the Universe<\/li>\n<li data-section-id=\"4pzz4i\" data-start=\"1161\" data-end=\"1189\">Altura aproximada: 14 cm<\/li>\n<li data-section-id=\"1eeev5x\" data-start=\"1190\" data-end=\"1211\">Inclui accesorio<\/li>\n<li data-section-id=\"19tgii2\" data-start=\"1212\" data-end=\"1256\">Apresenta\u00e7\u00e3o: blister original ilustrado<\/li>\n<li data-section-id=\"1it70f1\" data-start=\"1257\" data-end=\"1272\" data-is-last-node=\"\">Estado: Novo<\/li>\n<\/ul>\n","protected":false},"excerpt":{"rendered":"<p><span data-sheets-root=\"1\">Masters of the Universe Origins Figura Cartoon Collection: Fangman 14 cm<\/span><\/p>\n","protected":false},"featured_media":44192,"template":"","meta":{"_acf_changed":false,"_jet_sm_ready_style":"","_jet_sm_style":"","_jet_sm_controls_values":"","_jet_sm_fonts_collection":"","_jet_sm_fonts_links":""},"product_brand":[236],"product_cat":[237,238],"product_tag":[],"class_list":{"0":"post-44190","1":"product","2":"type-product","3":"status-publish","4":"has-post-thumbnail","6":"product_brand-mattel","7":"product_cat-brinquedos-de-colecao","8":"product_cat-master-of-universe-he-man","9":"sales-flash-overlay","10":"woocommerce-text-align-center","11":"woocommerce-image-align-center","12":"do-quantity-buttons","13":"wc-has-gallery","15":"first","16":"instock","17":"shipping-taxable","18":"purchasable","19":"product-type-simple"},"acf":[],"_links":{"self":[{"href":"https:\/\/beckertoys.com\/pt-pt\/wp-json\/wp\/v2\/product\/44190","targetHints":{"allow":["GET"]}}],"collection":[{"href":"https:\/\/beckertoys.com\/pt-pt\/wp-json\/wp\/v2\/product"}],"about":[{"href":"https:\/\/beckertoys.com\/pt-pt\/wp-json\/wp\/v2\/types\/product"}],"version-history":[{"count":1,"href":"https:\/\/beckertoys.com\/pt-pt\/wp-json\/wp\/v2\/product\/44190\/revisions"}],"predecessor-version":[{"id":44697,"href":"https:\/\/beckertoys.com\/pt-pt\/wp-json\/wp\/v2\/product\/44190\/revisions\/44697"}],"wp:featuredmedia":[{"embeddable":true,"href":"https:\/\/beckertoys.com\/pt-pt\/wp-json\/wp\/v2\/media\/44192"}],"wp:attachment":[{"href":"https:\/\/beckertoys.com\/pt-pt\/wp-json\/wp\/v2\/media?parent=44190"}],"wp:term":[{"taxonomy":"product_brand","embeddable":true,"href":"https:\/\/beckertoys.com\/pt-pt\/wp-json\/wp\/v2\/product_brand?post=44190"},{"taxonomy":"product_cat","embeddable":true,"href":"https:\/\/beckertoys.com\/pt-pt\/wp-json\/wp\/v2\/product_cat?post=44190"},{"taxonomy":"product_tag","embeddable":true,"href":"https:\/\/beckertoys.com\/pt-pt\/wp-json\/wp\/v2\/product_tag?post=44190"}],"curies":[{"name":"wp","href":"https:\/\/api.w.org\/{rel}","templated":true}]}}