{"id":44484,"date":"2026-04-22T19:59:10","date_gmt":"2026-04-22T17:59:10","guid":{"rendered":"https:\/\/beckertoys.com\/producto\/barbie-wicked-witch-of-the-east-de-2009\/"},"modified":"2026-05-15T12:01:24","modified_gmt":"2026-05-15T10:01:24","slug":"barbie-wicked-witch-of-the-east-de-2009","status":"publish","type":"product","link":"https:\/\/beckertoys.com\/pt-pt\/mattel\/barbie-wicked-witch-of-the-east-de-2009\/","title":{"rendered":"Barbie Wicked Witch of The East de 2009"},"content":{"rendered":"<h2 data-section-id=\"uyqbas\" data-start=\"0\" data-end=\"39\">Barbie Wicked Witch of the East 2009<\/h2>\n<p data-start=\"41\" data-end=\"458\"><strong data-start=\"41\" data-end=\"84\">Barbie Wicked Witch of the East de 2009<\/strong> en su caixa original. Esta edi\u00e7\u00e3o de <strong data-start=\"122\" data-end=\"142\">Barbie Collector<\/strong> est\u00e1 inspirada en <strong data-start=\"161\" data-end=\"181\">The Wizard of Oz<\/strong>, la cl\u00e1sica pel\u00edcula de fantasia de Disney\/Warner, y recrea al personaje <strong data-start=\"281\" data-end=\"309\">Wicked Witch of the East<\/strong> dentro de la cole\u00e7\u00e3o del <strong data-start=\"337\" data-end=\"357\">70th Anniversary<\/strong>.<\/p>\n<p data-start=\"460\" data-end=\"780\">La boneca luce sombrero de bruja negro con banda roja, vestido en tonos burdeos y negro con detalles plateados, medias a rayas en blanco y negro y maquillaje de estilo teatral. En el interior tambi\u00e9n se aprecia la escoba y, como parte de la ambientaci\u00f3n de la escena, los sapatos rojos vis\u00edvels sobre el camino amarillo.<\/p>\n<h3 data-section-id=\"17yn8px\" data-start=\"782\" data-end=\"801\">Caracter\u00edsticas<\/h3>\n<ul data-start=\"802\" data-end=\"1285\">\n<li data-section-id=\"4esf0y\" data-start=\"802\" data-end=\"837\">Barbie Wicked Witch of the East<\/li>\n<li data-section-id=\"11dov7q\" data-start=\"838\" data-end=\"851\">A\u00f1o: 2009<\/li>\n<li data-section-id=\"1lfcu17\" data-start=\"852\" data-end=\"869\">Marca: Mattel<\/li>\n<li data-section-id=\"3fiy2c\" data-start=\"870\" data-end=\"890\">Barbie Collector<\/li>\n<li data-section-id=\"1uzj5rt\" data-start=\"891\" data-end=\"907\">Silver Label<\/li>\n<li data-section-id=\"14o17qh\" data-start=\"908\" data-end=\"934\">Caixa original incluida<\/li>\n<li data-section-id=\"1rgc38u\" data-start=\"935\" data-end=\"972\">Inspirada en <strong data-start=\"950\" data-end=\"970\">The Wizard of Oz<\/strong><\/li>\n<li data-section-id=\"1a2cp24\" data-start=\"973\" data-end=\"1005\">Edici\u00f3n <strong data-start=\"983\" data-end=\"1003\">70th Anniversary<\/strong><\/li>\n<li data-section-id=\"i7xmz1\" data-start=\"1006\" data-end=\"1062\">Interactiva con <strong data-start=\"1030\" data-end=\"1060\">Original soundtrack music!<\/strong><\/li>\n<li data-section-id=\"12x0sz7\" data-start=\"1063\" data-end=\"1105\">Sombrero de bruja negro con banda roja<\/li>\n<li data-section-id=\"l0ik12\" data-start=\"1106\" data-end=\"1152\">Vestido en tonos burdeos, negro y plateado<\/li>\n<li data-section-id=\"1th1mug\" data-start=\"1153\" data-end=\"1189\">Medias a rayas en blanco y negro<\/li>\n<li data-section-id=\"ust5wt\" data-start=\"1190\" data-end=\"1223\">Escoba vis\u00edvel en el interior<\/li>\n<li data-section-id=\"1fhxppi\" data-start=\"1224\" data-end=\"1285\">Escenograf\u00eda tem\u00e1tica del camino amarillo y sapatos rojos<\/li>\n<\/ul>\n<h3 data-section-id=\"g3wdou\" data-start=\"1287\" data-end=\"1297\">Estado<\/h3>\n<ul data-start=\"1298\" data-end=\"1486\">\n<li data-section-id=\"1k5e6da\" data-start=\"1298\" data-end=\"1328\">Produto con caixa original<\/li>\n<li data-section-id=\"191k5ov\" data-start=\"1329\" data-end=\"1382\">Caixa con se\u00f1ales vis\u00edvels de da\u00f1o por abolladura.<\/li>\n<li data-section-id=\"zbpf8v\" data-start=\"1383\" data-end=\"1445\">Desgaste vis\u00edvel en bordes, esquinas y superficie exterior<\/li>\n<li data-section-id=\"1hllvsj\" data-start=\"1446\" data-end=\"1486\">Contenido vis\u00edvel en las fotograf\u00edas<\/li>\n<\/ul>\n","protected":false},"excerpt":{"rendered":"<p>Boneca de cole\u00e7\u00e3o Silver Label &#8211; Barbie Wicked Witch of The East The Wizard of Oz de 2009. Nova, nunca retirada da caixa. Caixa danificada. Vestido con polvo, algo que siempre sucede en este modelo debido a los agujeros que hay en el pl\u00e1stico a la altura del pecho, pensados para escuchar mejor a la boneca hablar. Pilas agotadas.<\/p>\n<p>Artigo em segunda m\u00e3o.<\/p>\n","protected":false},"featured_media":44488,"template":"","meta":{"_acf_changed":false,"_jet_sm_ready_style":"","_jet_sm_style":"","_jet_sm_controls_values":"","_jet_sm_fonts_collection":"","_jet_sm_fonts_links":""},"product_brand":[236],"product_cat":[281,280],"product_tag":[],"class_list":{"0":"post-44484","1":"product","2":"type-product","3":"status-publish","4":"has-post-thumbnail","6":"product_brand-mattel","7":"product_cat-barbie-de-colecao","8":"product_cat-bonecas-barbie","9":"sales-flash-overlay","10":"woocommerce-text-align-center","11":"woocommerce-image-align-center","12":"do-quantity-buttons","13":"wc-has-gallery","15":"first","16":"instock","17":"sale","18":"shipping-taxable","19":"purchasable","20":"product-type-simple"},"acf":[],"_links":{"self":[{"href":"https:\/\/beckertoys.com\/pt-pt\/wp-json\/wp\/v2\/product\/44484","targetHints":{"allow":["GET"]}}],"collection":[{"href":"https:\/\/beckertoys.com\/pt-pt\/wp-json\/wp\/v2\/product"}],"about":[{"href":"https:\/\/beckertoys.com\/pt-pt\/wp-json\/wp\/v2\/types\/product"}],"version-history":[{"count":2,"href":"https:\/\/beckertoys.com\/pt-pt\/wp-json\/wp\/v2\/product\/44484\/revisions"}],"predecessor-version":[{"id":48015,"href":"https:\/\/beckertoys.com\/pt-pt\/wp-json\/wp\/v2\/product\/44484\/revisions\/48015"}],"wp:featuredmedia":[{"embeddable":true,"href":"https:\/\/beckertoys.com\/pt-pt\/wp-json\/wp\/v2\/media\/44488"}],"wp:attachment":[{"href":"https:\/\/beckertoys.com\/pt-pt\/wp-json\/wp\/v2\/media?parent=44484"}],"wp:term":[{"taxonomy":"product_brand","embeddable":true,"href":"https:\/\/beckertoys.com\/pt-pt\/wp-json\/wp\/v2\/product_brand?post=44484"},{"taxonomy":"product_cat","embeddable":true,"href":"https:\/\/beckertoys.com\/pt-pt\/wp-json\/wp\/v2\/product_cat?post=44484"},{"taxonomy":"product_tag","embeddable":true,"href":"https:\/\/beckertoys.com\/pt-pt\/wp-json\/wp\/v2\/product_tag?post=44484"}],"curies":[{"name":"wp","href":"https:\/\/api.w.org\/{rel}","templated":true}]}}