{"id":44847,"date":"2026-05-10T18:59:11","date_gmt":"2026-05-10T16:59:11","guid":{"rendered":"https:\/\/beckertoys.com\/producto\/barbie-happy-holidays-de-1995\/"},"modified":"2026-05-15T12:02:42","modified_gmt":"2026-05-15T10:02:42","slug":"barbie-happy-holidays-de-1995","status":"publish","type":"product","link":"https:\/\/beckertoys.com\/pt-pt\/mattel\/barbie-happy-holidays-de-1995\/","title":{"rendered":"Barbie Happy Holidays de 1995"},"content":{"rendered":"<p>La <strong>Barbie Holiday de 1995<\/strong>\u00a0\u00e9 uma boneca que personifica el encanto de la temporada festiva. Aqu\u00ed tienes una descripci\u00f3n detallada:<\/p>\n<ul>\n<li><strong>Vestido festivo de acebo verde<\/strong>: Barbie luce un\u00a0<strong>vestido verde con estampado de hojas de acebo<\/strong>\u00a0muy festivo. El vestido est\u00e1 acentuado por un\u00a0<strong>collar victoriano plateado<\/strong>.<\/li>\n<li><strong>Detalles adicionales<\/strong>: Su conjunto se completa con\u00a0<strong>bayas de estr\u00e1s rojas<\/strong>, un\u00a0<strong>faj\u00edn de flor de Pascua<\/strong>, un\u00a0<strong>collar joya<\/strong>\u00a0y una\u00a0<strong>flor de Pascua roja en su cabello<\/strong>.<\/li>\n<li><strong>Edici\u00f3n especial para colecionadores<\/strong>: Esta Barbie es perfecta para los amantes de las bonecas de cole\u00e7\u00e3o y aquellos que aprecian la moda vintage.<\/li>\n<li><strong>Edad recomendada por el fabricante<\/strong>: A partir de 10 a\u00f1os<\/li>\n<\/ul>\n<p><strong>\u201cBarbie Holiday: Encanto festivo en cada detalle.\u201d<\/strong><\/p>\n","protected":false},"excerpt":{"rendered":"<p>Boneca de cole\u00e7\u00e3o Holiday &#8211;\u00a0 Barbie Happy Holidays de 1995. Nova. Nunca retirada da caixa. Caixa danificada.<\/p>\n<p>Artigo em segunda m\u00e3o.<\/p>\n","protected":false},"featured_media":44864,"template":"","meta":{"_acf_changed":false,"_jet_sm_ready_style":"","_jet_sm_style":"","_jet_sm_controls_values":"","_jet_sm_fonts_collection":"","_jet_sm_fonts_links":""},"product_brand":[236],"product_cat":[281,280,303],"product_tag":[],"class_list":{"0":"post-44847","1":"product","2":"type-product","3":"status-publish","4":"has-post-thumbnail","6":"product_brand-mattel","7":"product_cat-barbie-de-colecao","8":"product_cat-bonecas-barbie","9":"product_cat-especial-natal","10":"sales-flash-overlay","11":"woocommerce-text-align-center","12":"woocommerce-image-align-center","13":"do-quantity-buttons","14":"wc-has-gallery","16":"first","17":"outofstock","18":"sold-individually","19":"shipping-taxable","20":"purchasable","21":"product-type-simple"},"acf":[],"_links":{"self":[{"href":"https:\/\/beckertoys.com\/pt-pt\/wp-json\/wp\/v2\/product\/44847","targetHints":{"allow":["GET"]}}],"collection":[{"href":"https:\/\/beckertoys.com\/pt-pt\/wp-json\/wp\/v2\/product"}],"about":[{"href":"https:\/\/beckertoys.com\/pt-pt\/wp-json\/wp\/v2\/types\/product"}],"version-history":[{"count":1,"href":"https:\/\/beckertoys.com\/pt-pt\/wp-json\/wp\/v2\/product\/44847\/revisions"}],"predecessor-version":[{"id":48182,"href":"https:\/\/beckertoys.com\/pt-pt\/wp-json\/wp\/v2\/product\/44847\/revisions\/48182"}],"wp:featuredmedia":[{"embeddable":true,"href":"https:\/\/beckertoys.com\/pt-pt\/wp-json\/wp\/v2\/media\/44864"}],"wp:attachment":[{"href":"https:\/\/beckertoys.com\/pt-pt\/wp-json\/wp\/v2\/media?parent=44847"}],"wp:term":[{"taxonomy":"product_brand","embeddable":true,"href":"https:\/\/beckertoys.com\/pt-pt\/wp-json\/wp\/v2\/product_brand?post=44847"},{"taxonomy":"product_cat","embeddable":true,"href":"https:\/\/beckertoys.com\/pt-pt\/wp-json\/wp\/v2\/product_cat?post=44847"},{"taxonomy":"product_tag","embeddable":true,"href":"https:\/\/beckertoys.com\/pt-pt\/wp-json\/wp\/v2\/product_tag?post=44847"}],"curies":[{"name":"wp","href":"https:\/\/api.w.org\/{rel}","templated":true}]}}