{"id":45974,"date":"2026-05-04T19:59:06","date_gmt":"2026-05-04T17:59:06","guid":{"rendered":"https:\/\/beckertoys.com\/producto\/barbie-coca-cola-party-de-1998\/"},"modified":"2026-05-15T12:01:54","modified_gmt":"2026-05-15T10:01:54","slug":"barbie-coca-cola-party-de-1998","status":"publish","type":"product","link":"https:\/\/beckertoys.com\/pt-pt\/mattel\/barbie-coca-cola-party-de-1998\/","title":{"rendered":"Barbie Coca Cola Party de 1998"},"content":{"rendered":"<p><strong>Barbie Coca Cola Party de 1998<\/strong> es una Barbie especial de la cole\u00e7\u00e3o Coca Cola Party. Esta Barbie est\u00e1 vestida con un vestido rojo brillante con detalles en blanco y amarillo. Viene acompa\u00f1ada de un <strong>oso polar miniatura<\/strong> dentro de la caixa, que se convierte en una escena de juego divertida. Esta Barbie es muy valorada entre los colecionadores debido a su tem\u00e1tica \u00fanica y su dise\u00f1o atractivo.<\/p>\n","protected":false},"excerpt":{"rendered":"<p>Boneca de cole\u00e7\u00e3o Coca-Cola &#8211; Barbie Coca Cola Party de 1998. Nova, nunca retirada da caixa. Caixa danificada.<\/p>\n<p>Artigo em segunda m\u00e3o.<\/p>\n","protected":false},"featured_media":45990,"template":"","meta":{"_acf_changed":false,"_jet_sm_ready_style":"","_jet_sm_style":"","_jet_sm_controls_values":"","_jet_sm_fonts_collection":"","_jet_sm_fonts_links":""},"product_brand":[236],"product_cat":[281,280],"product_tag":[],"class_list":{"0":"post-45974","1":"product","2":"type-product","3":"status-publish","4":"has-post-thumbnail","6":"product_brand-mattel","7":"product_cat-barbie-de-colecao","8":"product_cat-bonecas-barbie","9":"sales-flash-overlay","10":"woocommerce-text-align-center","11":"woocommerce-image-align-center","12":"do-quantity-buttons","13":"wc-has-gallery","15":"first","16":"instock","17":"shipping-taxable","18":"purchasable","19":"product-type-simple"},"acf":[],"_links":{"self":[{"href":"https:\/\/beckertoys.com\/pt-pt\/wp-json\/wp\/v2\/product\/45974","targetHints":{"allow":["GET"]}}],"collection":[{"href":"https:\/\/beckertoys.com\/pt-pt\/wp-json\/wp\/v2\/product"}],"about":[{"href":"https:\/\/beckertoys.com\/pt-pt\/wp-json\/wp\/v2\/types\/product"}],"version-history":[{"count":1,"href":"https:\/\/beckertoys.com\/pt-pt\/wp-json\/wp\/v2\/product\/45974\/revisions"}],"predecessor-version":[{"id":48071,"href":"https:\/\/beckertoys.com\/pt-pt\/wp-json\/wp\/v2\/product\/45974\/revisions\/48071"}],"wp:featuredmedia":[{"embeddable":true,"href":"https:\/\/beckertoys.com\/pt-pt\/wp-json\/wp\/v2\/media\/45990"}],"wp:attachment":[{"href":"https:\/\/beckertoys.com\/pt-pt\/wp-json\/wp\/v2\/media?parent=45974"}],"wp:term":[{"taxonomy":"product_brand","embeddable":true,"href":"https:\/\/beckertoys.com\/pt-pt\/wp-json\/wp\/v2\/product_brand?post=45974"},{"taxonomy":"product_cat","embeddable":true,"href":"https:\/\/beckertoys.com\/pt-pt\/wp-json\/wp\/v2\/product_cat?post=45974"},{"taxonomy":"product_tag","embeddable":true,"href":"https:\/\/beckertoys.com\/pt-pt\/wp-json\/wp\/v2\/product_tag?post=45974"}],"curies":[{"name":"wp","href":"https:\/\/api.w.org\/{rel}","templated":true}]}}