{"id":46073,"date":"2026-05-05T09:59:28","date_gmt":"2026-05-05T07:59:28","guid":{"rendered":"https:\/\/beckertoys.com\/producto\/barbie-my-favorite-1959-de-2008\/"},"modified":"2026-05-15T12:02:00","modified_gmt":"2026-05-15T10:02:00","slug":"barbie-my-favorite-1959-de-2008","status":"publish","type":"product","link":"https:\/\/beckertoys.com\/pt-pt\/mattel\/barbie-my-favorite-1959-de-2008\/","title":{"rendered":"Barbie My Favorite 1959 de 2008"},"content":{"rendered":"<h4 data-section-id=\"1rikljp\" data-start=\"0\" data-end=\"34\">Barbie My Favorite 1959 de 2008<\/h4>\n<p data-start=\"36\" data-end=\"419\"><strong data-start=\"36\" data-end=\"63\">Barbie My Favorite 1959<\/strong> de <strong data-start=\"67\" data-end=\"75\">2008<\/strong> es una edi\u00e7\u00e3o muy especial creada para celebrar el <strong data-start=\"128\" data-end=\"156\">50 aniversario de Barbie<\/strong>, recuperando el dise\u00f1o de la primera Barbie de 1959, la m\u00edtica <strong data-start=\"220\" data-end=\"258\">The Original Teenage Fashion Model<\/strong>. Esta pieza forma parte de la cole\u00e7\u00e3o <strong data-start=\"299\" data-end=\"321\">My Favorite Barbie<\/strong>, una serie que rinde homenaje a algunas de las versiones m\u00e1s ic\u00f3nicas de la historia de la marca.<\/p>\n<p data-start=\"421\" data-end=\"813\">La boneca presenta el inolvidable ba\u00f1ador de rayas blancas y negras, peinado rubio tipo ponytail y maquillaje cl\u00e1sico, evocando a la Barbie original. Adem\u00e1s, esta edi\u00e7\u00e3o inclui varios complementos y elementos de presentaci\u00f3n que la convierten en una pieza especialmente atractiva para colecionadores, incluindo acess\u00f3rios y vestuario adicional inspirado en la est\u00e9tica vintage de la marca.<\/p>\n<p data-start=\"815\" data-end=\"989\">Se trata de un art\u00edculo de <strong data-start=\"842\" data-end=\"858\">segunda mano<\/strong>, conservado en su <strong data-start=\"877\" data-end=\"894\">caixa original<\/strong>. El estado general de la caixa, la boneca y los acess\u00f3rios puede apreciarse en las fotograf\u00edas.<\/p>\n<h5 data-section-id=\"17yn8px\" data-start=\"991\" data-end=\"1010\">Caracter\u00edsticas<\/h5>\n<ul data-start=\"1011\" data-end=\"1505\">\n<li data-section-id=\"vtayc3\" data-start=\"1011\" data-end=\"1040\"><strong data-start=\"1013\" data-end=\"1040\">Barbie My Favorite 1959<\/strong><\/li>\n<li data-section-id=\"14zl2pz\" data-start=\"1041\" data-end=\"1056\">A\u00f1o: <strong data-start=\"1048\" data-end=\"1056\">2008<\/strong><\/li>\n<li data-section-id=\"11kmpzf\" data-start=\"1057\" data-end=\"1076\">Marca: <strong data-start=\"1066\" data-end=\"1076\">Mattel<\/strong><\/li>\n<li data-section-id=\"1sp1ss\" data-start=\"1077\" data-end=\"1112\">Cole\u00e7\u00e3o: <strong data-start=\"1090\" data-end=\"1112\">My Favorite Barbie<\/strong><\/li>\n<li data-section-id=\"1tnb6wh\" data-start=\"1113\" data-end=\"1169\">Edici\u00f3n conmemorativa del <strong data-start=\"1141\" data-end=\"1169\">50 aniversario de Barbie<\/strong><\/li>\n<li data-section-id=\"6zhsqe\" data-start=\"1170\" data-end=\"1215\">Inspirada en la <strong data-start=\"1188\" data-end=\"1215\">Barbie original de 1959<\/strong><\/li>\n<li data-section-id=\"xj6tyr\" data-start=\"1216\" data-end=\"1268\">Inclui boneca con ba\u00f1ador de rayas blanco y negro<\/li>\n<li data-section-id=\"14nzgd2\" data-start=\"1269\" data-end=\"1322\">Inclui el vestido y acess\u00f3rios de\u00a0<strong>Solo in the Spotlight.<\/strong><\/li>\n<li data-section-id=\"1ui3dge\" data-start=\"1323\" data-end=\"1367\">Apresenta\u00e7\u00e3o en caixa original de cole\u00e7\u00e3o<\/li>\n<li data-section-id=\"1j1w2zv\" data-start=\"1368\" data-end=\"1441\">Ideal para colecionadores de <strong data-start=\"1399\" data-end=\"1417\">Barbie vintage<\/strong> y ediciones aniversario<\/li>\n<li data-section-id=\"oc4ugk\" data-start=\"1442\" data-end=\"1472\">Art\u00edculo de <strong data-start=\"1456\" data-end=\"1472\">segunda mano<\/strong><\/li>\n<li data-section-id=\"1jlm5hg\" data-start=\"1473\" data-end=\"1505\">Estado vis\u00edvel en las im\u00e1genes<\/li>\n<\/ul>\n","protected":false},"excerpt":{"rendered":"<p>Pr\u00e9-venda: data de entrega estimada 29 de maio.<br \/>\nBoneca de cole\u00e7\u00e3o Reproducciones &#8211; Barbie My Favorite 1959 50th anniversary de 2008. Nova, nunca retirada da caixa. Caixa em bom estado, pode apresentar marcas do tempo.<\/p>\n<p>Artigo em segunda m\u00e3o.<\/p>\n","protected":false},"featured_media":46074,"template":"","meta":{"_acf_changed":false,"_jet_sm_ready_style":"","_jet_sm_style":"","_jet_sm_controls_values":"","_jet_sm_fonts_collection":"","_jet_sm_fonts_links":""},"product_brand":[236],"product_cat":[281,280,325],"product_tag":[],"class_list":{"0":"post-46073","1":"product","2":"type-product","3":"status-publish","4":"has-post-thumbnail","6":"product_brand-mattel","7":"product_cat-barbie-de-colecao","8":"product_cat-bonecas-barbie","9":"product_cat-pre-venda","10":"sales-flash-overlay","11":"woocommerce-text-align-center","12":"woocommerce-image-align-center","13":"do-quantity-buttons","14":"wc-has-gallery","16":"first","17":"instock","18":"shipping-taxable","19":"purchasable","20":"product-type-simple"},"acf":[],"_links":{"self":[{"href":"https:\/\/beckertoys.com\/pt-pt\/wp-json\/wp\/v2\/product\/46073","targetHints":{"allow":["GET"]}}],"collection":[{"href":"https:\/\/beckertoys.com\/pt-pt\/wp-json\/wp\/v2\/product"}],"about":[{"href":"https:\/\/beckertoys.com\/pt-pt\/wp-json\/wp\/v2\/types\/product"}],"version-history":[{"count":1,"href":"https:\/\/beckertoys.com\/pt-pt\/wp-json\/wp\/v2\/product\/46073\/revisions"}],"predecessor-version":[{"id":48085,"href":"https:\/\/beckertoys.com\/pt-pt\/wp-json\/wp\/v2\/product\/46073\/revisions\/48085"}],"wp:featuredmedia":[{"embeddable":true,"href":"https:\/\/beckertoys.com\/pt-pt\/wp-json\/wp\/v2\/media\/46074"}],"wp:attachment":[{"href":"https:\/\/beckertoys.com\/pt-pt\/wp-json\/wp\/v2\/media?parent=46073"}],"wp:term":[{"taxonomy":"product_brand","embeddable":true,"href":"https:\/\/beckertoys.com\/pt-pt\/wp-json\/wp\/v2\/product_brand?post=46073"},{"taxonomy":"product_cat","embeddable":true,"href":"https:\/\/beckertoys.com\/pt-pt\/wp-json\/wp\/v2\/product_cat?post=46073"},{"taxonomy":"product_tag","embeddable":true,"href":"https:\/\/beckertoys.com\/pt-pt\/wp-json\/wp\/v2\/product_tag?post=46073"}],"curies":[{"name":"wp","href":"https:\/\/api.w.org\/{rel}","templated":true}]}}