{"id":46786,"date":"2026-04-27T19:59:10","date_gmt":"2026-04-27T17:59:10","guid":{"rendered":"https:\/\/beckertoys.com\/producto\/barbie-millennium-grad-2000\/"},"modified":"2026-05-15T12:00:34","modified_gmt":"2026-05-15T10:00:34","slug":"barbie-millennium-grad-2000","status":"publish","type":"product","link":"https:\/\/beckertoys.com\/pt-pt\/mattel\/barbie-millennium-grad-2000\/","title":{"rendered":"Barbie Millennium GRAD 2000"},"content":{"rendered":"<p>La Barbie Millennium Grad 2000 es una mu\u00f1eca que celebra un hito importante: la graduaci\u00f3n en el cambio de milenio.\u00a0Esta Barbie est\u00e1 vestida para la ocasi\u00f3n con una toga de graduaci\u00f3n negra y un birrete que contrastan elegantemente con los detalles dorados.<\/p>\n<p><strong>Caracter\u00edsticas del producto:<\/strong><\/p>\n<ul>\n<li><strong>Nombre:<\/strong>\u00a0Barbie Millennium Grad 2000<\/li>\n<li><strong>N\u00famero de Modelo:<\/strong>\u00a025708<\/li>\n<li><strong>Fecha de Lanzamiento:<\/strong> 1999<\/li>\n<li><strong>Tema:<\/strong>\u00a0Carreras<\/li>\n<li><strong>Edici\u00f3n\/Etiqueta:<\/strong>\u00a0Edici\u00f3n Especial<\/li>\n<li><strong>Tama\u00f1o Aproximado:<\/strong>\u00a0Altura: 13&#8243; x Largo: 4.5&#8243; x Ancho: 2.5&#8243;<\/li>\n<li><strong>Accesorios Incluidos:<\/strong>\u00a0Toga de graduaci\u00f3n, birrete, diploma.<\/li>\n<\/ul>\n<p>La mu\u00f1eca viene en una caixa original que nunca ha sido abierta. La caixa puede tener algunos rasgu\u00f1os en el PVC y el cart\u00f3n, lo que es normal dada la antig\u00fcedad del art\u00edculo.\u00a0La mu\u00f1eca est\u00e1 anclada al cart\u00f3n y en perfecto estado. Es un art\u00edculo ideal para aquellos que coleccionan Barbies con tem\u00e1ticas de logros y celebraciones, as\u00ed como para aquellos que buscan un recuerdo especial del a\u00f1o 2000.<\/p>\n","protected":false},"excerpt":{"rendered":"<p>Boneca de cole\u00e7\u00e3o Graduaci\u00f3n &#8211; Barbie Millennium Grad 2000<strong>\u00a0<\/strong>Nueva. Caixa danificada.<\/p>\n","protected":false},"featured_media":46794,"template":"","meta":{"_acf_changed":false,"_jet_sm_ready_style":"","_jet_sm_style":"","_jet_sm_controls_values":"","_jet_sm_fonts_collection":"","_jet_sm_fonts_links":""},"product_brand":[236],"product_cat":[315,280],"product_tag":[],"class_list":{"0":"post-46786","1":"product","2":"type-product","3":"status-publish","4":"has-post-thumbnail","6":"product_brand-mattel","7":"product_cat-barbies-baratas","8":"product_cat-bonecas-barbie","9":"sales-flash-overlay","10":"woocommerce-text-align-center","11":"woocommerce-image-align-center","12":"do-quantity-buttons","13":"wc-has-gallery","15":"first","16":"outofstock","17":"shipping-taxable","18":"purchasable","19":"product-type-simple"},"acf":[],"_links":{"self":[{"href":"https:\/\/beckertoys.com\/pt-pt\/wp-json\/wp\/v2\/product\/46786","targetHints":{"allow":["GET"]}}],"collection":[{"href":"https:\/\/beckertoys.com\/pt-pt\/wp-json\/wp\/v2\/product"}],"about":[{"href":"https:\/\/beckertoys.com\/pt-pt\/wp-json\/wp\/v2\/types\/product"}],"version-history":[{"count":1,"href":"https:\/\/beckertoys.com\/pt-pt\/wp-json\/wp\/v2\/product\/46786\/revisions"}],"predecessor-version":[{"id":47837,"href":"https:\/\/beckertoys.com\/pt-pt\/wp-json\/wp\/v2\/product\/46786\/revisions\/47837"}],"wp:featuredmedia":[{"embeddable":true,"href":"https:\/\/beckertoys.com\/pt-pt\/wp-json\/wp\/v2\/media\/46794"}],"wp:attachment":[{"href":"https:\/\/beckertoys.com\/pt-pt\/wp-json\/wp\/v2\/media?parent=46786"}],"wp:term":[{"taxonomy":"product_brand","embeddable":true,"href":"https:\/\/beckertoys.com\/pt-pt\/wp-json\/wp\/v2\/product_brand?post=46786"},{"taxonomy":"product_cat","embeddable":true,"href":"https:\/\/beckertoys.com\/pt-pt\/wp-json\/wp\/v2\/product_cat?post=46786"},{"taxonomy":"product_tag","embeddable":true,"href":"https:\/\/beckertoys.com\/pt-pt\/wp-json\/wp\/v2\/product_tag?post=46786"}],"curies":[{"name":"wp","href":"https:\/\/api.w.org\/{rel}","templated":true}]}}