{"id":47329,"date":"2026-04-29T11:59:39","date_gmt":"2026-04-29T09:59:39","guid":{"rendered":"https:\/\/beckertoys.com\/producto\/barbie-rewind-noche-de-cine\/"},"modified":"2026-05-15T12:00:55","modified_gmt":"2026-05-15T10:00:55","slug":"barbie-rewind-noche-de-cine","status":"publish","type":"product","link":"https:\/\/beckertoys.com\/pt-pt\/mattel\/barbie-rewind-noche-de-cine\/","title":{"rendered":"Barbie Rewind Noche de Cine"},"content":{"rendered":"<ul>\n<li><strong>Barbie Signature Rewind Noche de Cine<\/strong>: Esta mu\u00f1eca asi\u00e1tica forma parte de la serie\u00a0<strong>Barbie Rewind<\/strong>, que rinde homenaje a la d\u00e9cada de los 80. En esta tem\u00e1tica de\u00a0<strong>noche de cine<\/strong>, Barbie luce un estilo retro con detalles nost\u00e1lgicos. Su atuendo inclui una camiseta estampada, un peto con volantes y pantalones de ciclista moteados. Adem\u00e1s, est\u00e1 lista para la funci\u00f3n con calentadores y zapatillas de deporte de color rosa intenso. Sus acess\u00f3rios incluin pendientes de palomitas, pulseras extragrandes y un coletero. Tambi\u00e9n viene con un cubo de palomitas, un bolso en forma de batido, un granizado, entradas de cine, gafas 3D y una bandeja.\u00a0\u00a1Una verdadera estrella de la noche de pelis<\/li>\n<\/ul>\n<p>\u00a1Agrega un toque de nostalgia ochentera a tu cole\u00e7\u00e3o! \u2728<\/p>\n","protected":false},"excerpt":{"rendered":"<p><span data-sheets-root=\"1\" data-sheets-value=\"{&quot;1&quot;:2,&quot;2&quot;:&quot;Barbie Rewind '80s Edition Mu\u00f1eca At The Movies&quot;}\" data-sheets-userformat=\"{&quot;2&quot;:16897,&quot;3&quot;:{&quot;1&quot;:0},&quot;12&quot;:0,&quot;17&quot;:1}\">Boneca de cole\u00e7\u00e3o Rewind Kira &#8211; Barbie Rewind &#8217;80s Edition at The Movies. Producto Nuevo.<\/span><\/p>\n","protected":false},"featured_media":47334,"template":"","meta":{"_acf_changed":false,"_jet_sm_ready_style":"","_jet_sm_style":"","_jet_sm_controls_values":"","_jet_sm_fonts_collection":"","_jet_sm_fonts_links":""},"product_brand":[236],"product_cat":[322,281,280],"product_tag":[],"class_list":{"0":"post-47329","1":"product","2":"type-product","3":"status-publish","4":"has-post-thumbnail","6":"product_brand-mattel","7":"product_cat-amigos-da-barbie","8":"product_cat-barbie-de-colecao","9":"product_cat-bonecas-barbie","10":"sales-flash-overlay","11":"woocommerce-text-align-center","12":"woocommerce-image-align-center","13":"do-quantity-buttons","15":"first","16":"instock","17":"sold-individually","18":"shipping-taxable","19":"purchasable","20":"product-type-simple"},"acf":[],"_links":{"self":[{"href":"https:\/\/beckertoys.com\/pt-pt\/wp-json\/wp\/v2\/product\/47329","targetHints":{"allow":["GET"]}}],"collection":[{"href":"https:\/\/beckertoys.com\/pt-pt\/wp-json\/wp\/v2\/product"}],"about":[{"href":"https:\/\/beckertoys.com\/pt-pt\/wp-json\/wp\/v2\/types\/product"}],"version-history":[{"count":1,"href":"https:\/\/beckertoys.com\/pt-pt\/wp-json\/wp\/v2\/product\/47329\/revisions"}],"predecessor-version":[{"id":47919,"href":"https:\/\/beckertoys.com\/pt-pt\/wp-json\/wp\/v2\/product\/47329\/revisions\/47919"}],"wp:featuredmedia":[{"embeddable":true,"href":"https:\/\/beckertoys.com\/pt-pt\/wp-json\/wp\/v2\/media\/47334"}],"wp:attachment":[{"href":"https:\/\/beckertoys.com\/pt-pt\/wp-json\/wp\/v2\/media?parent=47329"}],"wp:term":[{"taxonomy":"product_brand","embeddable":true,"href":"https:\/\/beckertoys.com\/pt-pt\/wp-json\/wp\/v2\/product_brand?post=47329"},{"taxonomy":"product_cat","embeddable":true,"href":"https:\/\/beckertoys.com\/pt-pt\/wp-json\/wp\/v2\/product_cat?post=47329"},{"taxonomy":"product_tag","embeddable":true,"href":"https:\/\/beckertoys.com\/pt-pt\/wp-json\/wp\/v2\/product_tag?post=47329"}],"curies":[{"name":"wp","href":"https:\/\/api.w.org\/{rel}","templated":true}]}}