{"id":47394,"date":"2026-05-01T08:59:01","date_gmt":"2026-05-01T06:59:01","guid":{"rendered":"https:\/\/beckertoys.com\/producto\/barbie-celebration-del-2000\/"},"modified":"2026-05-15T12:01:03","modified_gmt":"2026-05-15T10:01:03","slug":"barbie-celebration-del-2000","status":"publish","type":"product","link":"https:\/\/beckertoys.com\/pt-pt\/mattel\/barbie-celebration-del-2000\/","title":{"rendered":"Barbie Celebration del 2000"},"content":{"rendered":"<h5>2000 BARBIE CELEBRATION<\/h5>\n<p>\u00a1Marca el inicio de un nuevo milenio con la deslumbrante Barbie Celebration del a\u00f1o 2000! Esta mu\u00f1eca especial est\u00e1 vestida para la ocasi\u00f3n con un impresionante vestido dorado y blanco, decorado con detalles brillantes que evocan la celebraci\u00f3n del A\u00f1o Nuevo. Su elegante look se completa con un peinado sofisticado y acess\u00f3rios a juego, incluindo una tiara y joyer\u00eda dorada. Perfecta para colecionadores y entusiastas de las festividades, la Barbie Celebration 2000 es una pieza emblem\u00e1tica que captura el esp\u00edritu festivo y la esperanza de un nuevo comienzo.<\/p>\n<p>&#8220;\u00a1Celebra el nuevo milenio con el glamour y el brillo de la Barbie Celebration 2000!&#8221;<\/p>\n","protected":false},"excerpt":{"rendered":"<p><span data-sheets-root=\"1\" data-sheets-value=\"{&quot;1&quot;:2,&quot;2&quot;:&quot;2000 BARBIE CELEBRATION&quot;}\" data-sheets-userformat=\"{&quot;2&quot;:16961,&quot;3&quot;:{&quot;1&quot;:0},&quot;9&quot;:0,&quot;12&quot;:0,&quot;17&quot;:1}\">Boneca de cole\u00e7\u00e3o Holiday &#8211; Barbie Celebration 2000. Nova, nunca retirada da caixa. Caixa em bom estado, pode apresentar marcas do tempo.\u00a0<\/span><\/p>\n<p>Artigo em segunda m\u00e3o.<\/p>\n","protected":false},"featured_media":47431,"template":"","meta":{"_acf_changed":false,"_jet_sm_ready_style":"","_jet_sm_style":"","_jet_sm_controls_values":"","_jet_sm_fonts_collection":"","_jet_sm_fonts_links":""},"product_brand":[236],"product_cat":[281,280,303],"product_tag":[],"class_list":{"0":"post-47394","1":"product","2":"type-product","3":"status-publish","4":"has-post-thumbnail","6":"product_brand-mattel","7":"product_cat-barbie-de-colecao","8":"product_cat-bonecas-barbie","9":"product_cat-especial-natal","10":"sales-flash-overlay","11":"woocommerce-text-align-center","12":"woocommerce-image-align-center","13":"do-quantity-buttons","14":"wc-has-gallery","16":"first","17":"outofstock","18":"sold-individually","19":"shipping-taxable","20":"purchasable","21":"product-type-simple"},"acf":[],"_links":{"self":[{"href":"https:\/\/beckertoys.com\/pt-pt\/wp-json\/wp\/v2\/product\/47394","targetHints":{"allow":["GET"]}}],"collection":[{"href":"https:\/\/beckertoys.com\/pt-pt\/wp-json\/wp\/v2\/product"}],"about":[{"href":"https:\/\/beckertoys.com\/pt-pt\/wp-json\/wp\/v2\/types\/product"}],"version-history":[{"count":1,"href":"https:\/\/beckertoys.com\/pt-pt\/wp-json\/wp\/v2\/product\/47394\/revisions"}],"predecessor-version":[{"id":47944,"href":"https:\/\/beckertoys.com\/pt-pt\/wp-json\/wp\/v2\/product\/47394\/revisions\/47944"}],"wp:featuredmedia":[{"embeddable":true,"href":"https:\/\/beckertoys.com\/pt-pt\/wp-json\/wp\/v2\/media\/47431"}],"wp:attachment":[{"href":"https:\/\/beckertoys.com\/pt-pt\/wp-json\/wp\/v2\/media?parent=47394"}],"wp:term":[{"taxonomy":"product_brand","embeddable":true,"href":"https:\/\/beckertoys.com\/pt-pt\/wp-json\/wp\/v2\/product_brand?post=47394"},{"taxonomy":"product_cat","embeddable":true,"href":"https:\/\/beckertoys.com\/pt-pt\/wp-json\/wp\/v2\/product_cat?post=47394"},{"taxonomy":"product_tag","embeddable":true,"href":"https:\/\/beckertoys.com\/pt-pt\/wp-json\/wp\/v2\/product_tag?post=47394"}],"curies":[{"name":"wp","href":"https:\/\/api.w.org\/{rel}","templated":true}]}}