{"id":47583,"date":"2026-05-02T10:59:51","date_gmt":"2026-05-02T08:59:51","guid":{"rendered":"https:\/\/beckertoys.com\/producto\/disney-reina-malvada-collector-de-2025\/"},"modified":"2026-05-15T12:01:12","modified_gmt":"2026-05-15T10:01:12","slug":"disney-reina-malvada-collector-de-2025","status":"publish","type":"product","link":"https:\/\/beckertoys.com\/pt-pt\/mattel\/disney-reina-malvada-collector-de-2025\/","title":{"rendered":"Disney Reina Malvada Collector de 2025"},"content":{"rendered":"<p>A los fans de Disney de todas las edades les encantar\u00e1 esta edici\u00f3n especial de cole\u00e7\u00e3o de la mu\u00f1eca Reina Malvada, inspirada en la pel\u00edcula de acci\u00f3n real de Disney Blancanieves!<br \/>\nBasada en la envidiosa villana que siente celos de su hijastra blancanieves, el deslumbrante atuendo de la mu\u00f1eca Reina Malvada inclui un vestido azul brillante, una capa de terciopelo y una majestuosa corona adornada con gemas. Con acess\u00f3rios ic\u00f3nicos inspirados en la pel\u00edcula, como una manzana verde venenosa y un cetro real, esta mu\u00f1eca Reina Malvada a\u00f1ade un estilo siniestro a cualquier cole\u00e7\u00e3o de fans de Disney. La mu\u00f1eca no se sostiene por s\u00ed sola. Los colores y decoraciones pueden variar.<\/p>\n","protected":false},"excerpt":{"rendered":"<p>Mu\u00f1eca de Colecci\u00f3n Blancanieves &#8211; Disney Reina Malvada Collector de 2005.<\/p>\n","protected":false},"featured_media":47585,"template":"","meta":{"_acf_changed":false,"_jet_sm_ready_style":"","_jet_sm_style":"","_jet_sm_controls_values":"","_jet_sm_fonts_collection":"","_jet_sm_fonts_links":""},"product_brand":[236],"product_cat":[308,307],"product_tag":[],"class_list":{"0":"post-47583","1":"product","2":"type-product","3":"status-publish","4":"has-post-thumbnail","6":"product_brand-mattel","7":"product_cat-bonecas-disney","8":"product_cat-disney","9":"sales-flash-overlay","10":"woocommerce-text-align-center","11":"woocommerce-image-align-center","12":"do-quantity-buttons","13":"wc-has-gallery","15":"first","16":"instock","17":"shipping-taxable","18":"purchasable","19":"product-type-simple"},"acf":[],"_links":{"self":[{"href":"https:\/\/beckertoys.com\/pt-pt\/wp-json\/wp\/v2\/product\/47583","targetHints":{"allow":["GET"]}}],"collection":[{"href":"https:\/\/beckertoys.com\/pt-pt\/wp-json\/wp\/v2\/product"}],"about":[{"href":"https:\/\/beckertoys.com\/pt-pt\/wp-json\/wp\/v2\/types\/product"}],"version-history":[{"count":1,"href":"https:\/\/beckertoys.com\/pt-pt\/wp-json\/wp\/v2\/product\/47583\/revisions"}],"predecessor-version":[{"id":47976,"href":"https:\/\/beckertoys.com\/pt-pt\/wp-json\/wp\/v2\/product\/47583\/revisions\/47976"}],"wp:featuredmedia":[{"embeddable":true,"href":"https:\/\/beckertoys.com\/pt-pt\/wp-json\/wp\/v2\/media\/47585"}],"wp:attachment":[{"href":"https:\/\/beckertoys.com\/pt-pt\/wp-json\/wp\/v2\/media?parent=47583"}],"wp:term":[{"taxonomy":"product_brand","embeddable":true,"href":"https:\/\/beckertoys.com\/pt-pt\/wp-json\/wp\/v2\/product_brand?post=47583"},{"taxonomy":"product_cat","embeddable":true,"href":"https:\/\/beckertoys.com\/pt-pt\/wp-json\/wp\/v2\/product_cat?post=47583"},{"taxonomy":"product_tag","embeddable":true,"href":"https:\/\/beckertoys.com\/pt-pt\/wp-json\/wp\/v2\/product_tag?post=47583"}],"curies":[{"name":"wp","href":"https:\/\/api.w.org\/{rel}","templated":true}]}}