{"id":47662,"date":"2026-05-02T15:59:47","date_gmt":"2026-05-02T13:59:47","guid":{"rendered":"https:\/\/beckertoys.com\/producto\/barbie-snow-princess-de-1994\/"},"modified":"2026-05-15T12:01:16","modified_gmt":"2026-05-15T10:01:16","slug":"barbie-snow-princess-de-1994","status":"publish","type":"product","link":"https:\/\/beckertoys.com\/pt-pt\/mattel\/barbie-snow-princess-de-1994\/","title":{"rendered":"Barbie Snow Princess de 1994"},"content":{"rendered":"<p>La\u00a0<strong>1994 Barbie Snow Princess<\/strong>\u00a0es una mu\u00f1eca de edici\u00f3n especial de la cole\u00e7\u00e3o\u00a0<strong>Enchanted Seasons<\/strong>\u00a0de Mattel. Esta Barbie, lanzada en 1994, es una pieza de cole\u00e7\u00e3o muy apreciada por los entusiastas de Barbie.<\/p>\n<h3>Caracter\u00edsticas principales:<\/h3>\n<ul>\n<li><strong>Apariencia<\/strong>: La mu\u00f1eca tiene el cabello rubio recogido en un elegante mo\u00f1o y ojos azules.<\/li>\n<li><strong>Vestimenta<\/strong>: Lleva un vestido deslumbrante adornado con \u201cjoyas\u201d y lentejuelas, acompa\u00f1ado de plumas de marab\u00fa en el sombrero y las mangas.<\/li>\n<li><strong>Accesorios<\/strong>: Inclui un soporte para exhibici\u00f3n y viene en su empaque original, aunque este puede haber sido abierto para fotograf\u00edas.<\/li>\n<li><strong>Material<\/strong>: Est\u00e1 hecha de vinilo, lo que le da una apariencia y sensaci\u00f3n de alta calidad.<\/li>\n<\/ul>\n<p>Esta mu\u00f1eca es la primera de una serie que celebra la belleza especial de cada estaci\u00f3n del a\u00f1o. Su sonrisa radiante y su atuendo brillante la convierten en una pieza destacada para cualquier cole\u00e7\u00e3o.<\/p>\n","protected":false},"excerpt":{"rendered":"<p>Boneca de cole\u00e7\u00e3o Enchanted Seasons &#8211; Barbie Snow Princess de 1994. Nova. Nunca retirada da caixa. Caixa em bom estado, pode apresentar marcas do tempo.<\/p>\n","protected":false},"featured_media":47674,"template":"","meta":{"_acf_changed":false,"_jet_sm_ready_style":"","_jet_sm_style":"","_jet_sm_controls_values":"","_jet_sm_fonts_collection":"","_jet_sm_fonts_links":""},"product_brand":[236],"product_cat":[281,280,303],"product_tag":[],"class_list":{"0":"post-47662","1":"product","2":"type-product","3":"status-publish","4":"has-post-thumbnail","6":"product_brand-mattel","7":"product_cat-barbie-de-colecao","8":"product_cat-bonecas-barbie","9":"product_cat-especial-natal","10":"sales-flash-overlay","11":"woocommerce-text-align-center","12":"woocommerce-image-align-center","13":"do-quantity-buttons","14":"wc-has-gallery","16":"first","17":"outofstock","18":"shipping-taxable","19":"purchasable","20":"product-type-simple"},"acf":[],"_links":{"self":[{"href":"https:\/\/beckertoys.com\/pt-pt\/wp-json\/wp\/v2\/product\/47662","targetHints":{"allow":["GET"]}}],"collection":[{"href":"https:\/\/beckertoys.com\/pt-pt\/wp-json\/wp\/v2\/product"}],"about":[{"href":"https:\/\/beckertoys.com\/pt-pt\/wp-json\/wp\/v2\/types\/product"}],"version-history":[{"count":1,"href":"https:\/\/beckertoys.com\/pt-pt\/wp-json\/wp\/v2\/product\/47662\/revisions"}],"predecessor-version":[{"id":47990,"href":"https:\/\/beckertoys.com\/pt-pt\/wp-json\/wp\/v2\/product\/47662\/revisions\/47990"}],"wp:featuredmedia":[{"embeddable":true,"href":"https:\/\/beckertoys.com\/pt-pt\/wp-json\/wp\/v2\/media\/47674"}],"wp:attachment":[{"href":"https:\/\/beckertoys.com\/pt-pt\/wp-json\/wp\/v2\/media?parent=47662"}],"wp:term":[{"taxonomy":"product_brand","embeddable":true,"href":"https:\/\/beckertoys.com\/pt-pt\/wp-json\/wp\/v2\/product_brand?post=47662"},{"taxonomy":"product_cat","embeddable":true,"href":"https:\/\/beckertoys.com\/pt-pt\/wp-json\/wp\/v2\/product_cat?post=47662"},{"taxonomy":"product_tag","embeddable":true,"href":"https:\/\/beckertoys.com\/pt-pt\/wp-json\/wp\/v2\/product_tag?post=47662"}],"curies":[{"name":"wp","href":"https:\/\/api.w.org\/{rel}","templated":true}]}}